{"id":28,"date":"2021-07-23T09:30:17","date_gmt":"2021-07-23T09:30:17","guid":{"rendered":"http:\/\/www.lekarzkomorniki.pl\/?page_id=28"},"modified":"2025-06-06T08:16:18","modified_gmt":"2025-06-06T08:16:18","slug":"elementor-28","status":"publish","type":"page","link":"http:\/\/www.lekarzkomorniki.pl\/","title":{"rendered":""},"content":{"rendered":"\t\t<div data-elementor-type=\"wp-post\" data-elementor-id=\"28\" class=\"elementor elementor-28\">\n\t\t\t\t\t\t<section class=\"elementor-section elementor-top-section elementor-element elementor-element-913ab0a elementor-section-boxed elementor-section-height-default elementor-section-height-default\" data-id=\"913ab0a\" data-element_type=\"section\">\n\t\t\t\t\t\t<div class=\"elementor-container elementor-column-gap-default\">\n\t\t\t\t\t<div class=\"elementor-column elementor-col-100 elementor-top-column elementor-element elementor-element-4707e7b\" data-id=\"4707e7b\" data-element_type=\"column\">\n\t\t\t<div class=\"elementor-widget-wrap elementor-element-populated\">\n\t\t\t\t\t\t<div class=\"elementor-element elementor-element-34c363c elementor-widget elementor-widget-text-editor\" data-id=\"34c363c\" data-element_type=\"widget\" data-widget_type=\"text-editor.default\">\n\t\t\t\t<div class=\"elementor-widget-container\">\n\t\t\t\t\t\t\t\t\t<h2 style=\"margin-bottom: 0cm;\"><strong>Przychodnia Lekarza Rodzinnego s.c.<\/strong><\/h2><p style=\"margin-bottom: 0cm;\">\u00a0<\/p><h4 style=\"margin-bottom: 0cm;\">Przychodnia jest czynna <strong>od poniedzia\u0142ku do pi\u0105tku w godzinach od 8:00 do 18:00<\/strong><\/h4><h4 style=\"margin-bottom: 0cm;\">Wszelkie sprawy mo\u017cna za\u0142atwi\u0107 przez osobist\u0105 wizyt\u0119 oraz dzwoni\u0105c pod nr <strong>tel. 61 893 50 31<\/strong><\/h4><h4 style=\"margin-bottom: 0cm;\">\u00a0<\/h4><p>\u00a0<\/p><h4 style=\"margin-bottom: 0cm;\">lek. med. Zbis\u0142aw Borowiak \/ specjalizacja Choroby wewn\u0119trzne, Medycyna Rodzinna<\/h4><p>\u00a0<\/p><h4 style=\"margin-bottom: 0cm;\">lek. med. El\u017cbieta Borowiak \/ specjalizacja Pediatria, Choroby p\u0142uc<\/h4>\t\t\t\t\t\t\t\t<\/div>\n\t\t\t\t<\/div>\n\t\t\t\t\t<\/div>\n\t\t<\/div>\n\t\t\t\t\t<\/div>\n\t\t<\/section>\n\t\t\t\t<section class=\"elementor-section elementor-top-section elementor-element elementor-element-ee6252d elementor-section-boxed elementor-section-height-default elementor-section-height-default\" data-id=\"ee6252d\" data-element_type=\"section\">\n\t\t\t\t\t\t<div class=\"elementor-container elementor-column-gap-default\">\n\t\t\t\t\t<div class=\"elementor-column elementor-col-100 elementor-top-column elementor-element elementor-element-e07acb9\" data-id=\"e07acb9\" data-element_type=\"column\">\n\t\t\t<div class=\"elementor-widget-wrap elementor-element-populated\">\n\t\t\t\t\t\t<div class=\"elementor-element elementor-element-7290f43 elementor-widget elementor-widget-image\" data-id=\"7290f43\" data-element_type=\"widget\" data-widget_type=\"image.default\">\n\t\t\t\t<div class=\"elementor-widget-container\">\n\t\t\t\t\t\t\t\t\t\t\t\t\t\t\t<img fetchpriority=\"high\" decoding=\"async\" width=\"800\" height=\"534\" src=\"http:\/\/www.lekarzkomorniki.pl\/wp-content\/uploads\/2021\/07\/przychodnia-lekarza-rodzinnego-lekarz-komorniki-1-1024x683.jpg\" class=\"attachment-large size-large wp-image-17\" alt=\"\" srcset=\"http:\/\/www.lekarzkomorniki.pl\/wp-content\/uploads\/2021\/07\/przychodnia-lekarza-rodzinnego-lekarz-komorniki-1-1024x683.jpg 1024w, http:\/\/www.lekarzkomorniki.pl\/wp-content\/uploads\/2021\/07\/przychodnia-lekarza-rodzinnego-lekarz-komorniki-1-300x200.jpg 300w, http:\/\/www.lekarzkomorniki.pl\/wp-content\/uploads\/2021\/07\/przychodnia-lekarza-rodzinnego-lekarz-komorniki-1-768x512.jpg 768w, http:\/\/www.lekarzkomorniki.pl\/wp-content\/uploads\/2021\/07\/przychodnia-lekarza-rodzinnego-lekarz-komorniki-1-1536x1024.jpg 1536w, http:\/\/www.lekarzkomorniki.pl\/wp-content\/uploads\/2021\/07\/przychodnia-lekarza-rodzinnego-lekarz-komorniki-1-2048x1365.jpg 2048w\" sizes=\"(max-width: 800px) 100vw, 800px\" \/>\t\t\t\t\t\t\t\t\t\t\t\t\t\t\t<\/div>\n\t\t\t\t<\/div>\n\t\t\t\t<div class=\"elementor-element elementor-element-7ee5c6e elementor-view-default elementor-widget elementor-widget-icon\" data-id=\"7ee5c6e\" data-element_type=\"widget\" data-widget_type=\"icon.default\">\n\t\t\t\t<div class=\"elementor-widget-container\">\n\t\t\t\t\t\t\t<div class=\"elementor-icon-wrapper\">\n\t\t\t<div class=\"elementor-icon\">\n\t\t\t<i aria-hidden=\"true\" class=\"fas fa-comment-medical\"><\/i>\t\t\t<\/div>\n\t\t<\/div>\n\t\t\t\t\t\t<\/div>\n\t\t\t\t<\/div>\n\t\t\t\t<div class=\"elementor-element elementor-element-3067a61 elementor-widget elementor-widget-text-editor\" data-id=\"3067a61\" data-element_type=\"widget\" data-widget_type=\"text-editor.default\">\n\t\t\t\t<div class=\"elementor-widget-container\">\n\t\t\t\t\t\t\t\t\t<p class=\"western\"><span style=\"color: #2b3031;\"><span style=\"font-family: 'Encode Sans Condensed';\"><span style=\"font-size: 15pt;\"><b>Ka\u017cdy pacjent, kt\u00f3ry wype\u0142ni deklaracj\u0119 i zapisze si\u0119 do naszej plac\u00f3wki ma prawo do:<\/b><\/span><\/span><\/span><\/p><ul><li><p style=\"margin-bottom: 0cm; border: none; padding: 0cm;\"><span style=\"color: #505c5c;\"><span style=\"font-family: Encode Sans Condensed;\"><span style=\"font-size: medium;\">bezp\u0142atnych wizyt lekarza rodzinnego, internisty i\u00a0pediatry w\u00a0godzinach 8:00-18:00<\/span><\/span><\/span><\/p><\/li><li><p style=\"margin-bottom: 0cm; border: none; padding: 0cm;\"><span style=\"color: #505c5c;\"><span style=\"font-family: Encode Sans Condensed;\"><span style=\"font-size: medium;\">bezp\u0142atnych bada\u0144 diagnostycznych jak EKG wykonywanych na\u00a0zlecenie lekarza rodzinnego zatrudnionego w\u00a0Przychodni Lekarza Rodzinnego<\/span><\/span><\/span><\/p><\/li><li><p style=\"margin-bottom: 0cm; border: none; padding: 0cm;\"><span style=\"color: #505c5c;\"><span style=\"font-family: Encode Sans Condensed;\"><span style=\"font-size: medium;\">wizyt domowych w\u00a0godzinach wyznaczonych przez Przychodni\u0119 Lekarza Rodzinnego<\/span><\/span><\/span><\/p><\/li><li><p style=\"margin-bottom: 0cm; border: none; padding: 0cm;\"><span style=\"color: #505c5c;\"><span style=\"font-family: Encode Sans Condensed;\"><span style=\"font-size: medium;\">szczepie\u0144 obowi\u0105zkowych, poprzedzonych konsultacjami lekarskimi,<\/span><\/span><\/span><\/p><\/li><li><p style=\"border: none; padding: 0cm;\"><span style=\"color: #505c5c;\"><span style=\"font-family: Encode Sans Condensed;\"><span style=\"font-size: medium;\">konsultacji dzieci zdrowych (bilanse zdrowia) w\u00a0wyznaczonych specjalnie dniach i\u00a0godzinach.<\/span><\/span><\/span><\/p><\/li><\/ul><p><span style=\"font-size: medium; font-family: 'Encode Sans Condensed'; color: #505c5c; font-weight: var( --e-global-typography-text-font-weight );\">Zapotrzebowania na\u00a0recepty mo\u017cna sk\u0142ada\u0107 telefonicznie lub bezpo\u015brednio w okienku rejestracji.<\/span><\/p>\t\t\t\t\t\t\t\t<\/div>\n\t\t\t\t<\/div>\n\t\t\t\t\t<\/div>\n\t\t<\/div>\n\t\t\t\t\t<\/div>\n\t\t<\/section>\n\t\t\t\t<section class=\"elementor-section elementor-top-section elementor-element elementor-element-f64dd22 elementor-section-boxed elementor-section-height-default elementor-section-height-default\" data-id=\"f64dd22\" data-element_type=\"section\">\n\t\t\t\t\t\t<div class=\"elementor-container elementor-column-gap-default\">\n\t\t\t\t\t<div class=\"elementor-column elementor-col-100 elementor-top-column elementor-element elementor-element-b480bd9\" data-id=\"b480bd9\" data-element_type=\"column\">\n\t\t\t<div class=\"elementor-widget-wrap elementor-element-populated\">\n\t\t\t\t\t\t<div class=\"elementor-element elementor-element-e8bf055 elementor-view-default elementor-widget elementor-widget-icon\" data-id=\"e8bf055\" data-element_type=\"widget\" data-widget_type=\"icon.default\">\n\t\t\t\t<div class=\"elementor-widget-container\">\n\t\t\t\t\t\t\t<div class=\"elementor-icon-wrapper\">\n\t\t\t<div class=\"elementor-icon\">\n\t\t\t<i aria-hidden=\"true\" class=\"fas fa-briefcase-medical\"><\/i>\t\t\t<\/div>\n\t\t<\/div>\n\t\t\t\t\t\t<\/div>\n\t\t\t\t<\/div>\n\t\t\t\t\t<\/div>\n\t\t<\/div>\n\t\t\t\t\t<\/div>\n\t\t<\/section>\n\t\t\t\t<section class=\"elementor-section elementor-top-section elementor-element elementor-element-ed121f6 elementor-section-boxed elementor-section-height-default elementor-section-height-default\" data-id=\"ed121f6\" data-element_type=\"section\">\n\t\t\t\t\t\t<div class=\"elementor-container elementor-column-gap-default\">\n\t\t\t\t\t<div class=\"elementor-column elementor-col-100 elementor-top-column elementor-element elementor-element-1b86aaf\" data-id=\"1b86aaf\" data-element_type=\"column\">\n\t\t\t<div class=\"elementor-widget-wrap elementor-element-populated\">\n\t\t\t\t\t\t<div class=\"elementor-element elementor-element-b53d128 elementor-widget elementor-widget-text-editor\" data-id=\"b53d128\" data-element_type=\"widget\" data-widget_type=\"text-editor.default\">\n\t\t\t\t<div class=\"elementor-widget-container\">\n\t\t\t\t\t\t\t\t\t<h1 style=\"margin-bottom: 0cm;\"><strong>Komunikat dla Pacjent\u00f3w<\/strong><\/h1><p>\u00a0<\/p><h3 style=\"margin-bottom: 0cm;\">Informujemy, \u017ce NFZ przed\u0142u\u017cy\u0142 umow\u0119 z nasz\u0105 Przychodni\u0105 na wykonywanie \u015bwiadcze\u0144 medycznych w Podstawowej Opiece Zdrowotnej w ramach NFZ.<br \/><br \/>Umowa obowi\u0105zuje od 01.07.2021 r. i jest zawarta na okres bezterminowy.<\/h3><h3 style=\"margin-bottom: 0cm;\"><br \/>Wszyscy pacjenci naszej Przychodni, je\u017celi dalej chc\u0105 leczy\u0107 si\u0119 u lekarzy: El\u017cbiety i Zbis\u0142awa Borowiak musz\u0105 jednak <b>ponownie z\u0142o\u017cy\u0107 deklaracj\u0119 wyboru lekarza.<\/b><br \/><br \/>Deklaracje mo\u017cna sk\u0142ada\u0107 w formie papierowej w nowej siedzibie naszej Przychodni tj. w Komornikach ul. Pozna\u0144ska 27<\/h3>\t\t\t\t\t\t\t\t<\/div>\n\t\t\t\t<\/div>\n\t\t\t\t\t<\/div>\n\t\t<\/div>\n\t\t\t\t\t<\/div>\n\t\t<\/section>\n\t\t\t\t<section class=\"elementor-section elementor-top-section elementor-element elementor-element-4c02c67 elementor-section-boxed elementor-section-height-default elementor-section-height-default\" data-id=\"4c02c67\" data-element_type=\"section\">\n\t\t\t\t\t\t<div class=\"elementor-container elementor-column-gap-default\">\n\t\t\t\t\t<div class=\"elementor-column elementor-col-100 elementor-top-column elementor-element elementor-element-f4dc9ee\" data-id=\"f4dc9ee\" data-element_type=\"column\">\n\t\t\t<div class=\"elementor-widget-wrap elementor-element-populated\">\n\t\t\t\t\t\t<div class=\"elementor-element elementor-element-5a54c7c elementor-widget elementor-widget-text-editor\" data-id=\"5a54c7c\" data-element_type=\"widget\" data-widget_type=\"text-editor.default\">\n\t\t\t\t<div class=\"elementor-widget-container\">\n\t\t\t\t\t\t\t\t\t<h4>&#8211;<\/h4><h4><strong>\u0421\u043e\u043e\u0431\u0449\u0435\u043d\u0438\u0435 \u0434\u043b\u044f \u043f\u0430\u0446\u0438\u0435\u043d\u0442\u043e\u0432<\/strong><\/h4><p>\u0421\u043e\u043e\u0431\u0449\u0430\u0435\u043c, \u0447\u0442\u043e NFZ \u043f\u0440\u043e\u0434\u043b\u0438\u043b \u0434\u043e\u0433\u043e\u0432\u043e\u0440 \u0441 \u043d\u0430\u0448\u0435\u0439 \u041f\u043e\u043b\u0438\u043a\u043b\u0438\u043d\u0438\u043a\u043e\u0439 \u043d\u0430 \u043f\u0440\u0435\u0434\u043e\u0441\u0442\u0430\u0432\u043b\u0435\u043d\u0438\u0435 \u043c\u0435\u0434\u0438\u0446\u0438\u043d\u0441\u043a\u0438\u0445 \u0443\u0441\u043b\u0443\u0433 \u043f\u0435\u0440\u0432\u043e\u0439 \u043c\u0435\u0434\u0438\u0446\u0438\u043d\u0441\u043a\u043e\u0439 \u043f\u043e\u043c\u043e\u0449\u0438 \u0432 \u0440\u0430\u043c\u043a\u0430\u0445 NFZ.<\/p><p>\u0414\u043e\u0433\u043e\u0432\u043e\u0440 \u0432\u0441\u0442\u0443\u043f\u0430\u0435\u0442 \u0432 \u0441\u0438\u043b\u0443\u00a0 01.07.2021 r. \u0438 \u0437\u0430\u043a\u043b\u044e\u0447\u0430\u0435\u0442\u0441\u044f \u043d\u0430 \u043d\u0435\u043e\u043f\u0440\u0435\u0434\u0435\u043b\u0451\u043d\u043d\u044b\u0439 \u0441\u0440\u043e\u043a.<\/p><p>\u041e\u0434\u043d\u0430\u043a\u043e, \u0435\u0441\u043b\u0438 \u043f\u0430\u0446\u0438\u0435\u043d\u0442\u044b \u043d\u0430\u0448\u0435\u0439 \u041f\u043e\u043b\u0438\u043a\u043b\u0438\u043d\u0438\u043a\u0438 \u0438\u0437\u044f\u0432\u043b\u044f\u044e\u0442 \u0436\u0435\u043b\u0430\u043d\u0438\u0435 \u0434\u0430\u043b\u044c\u0448\u0435 \u043b\u0435\u0447\u0438\u0442\u044c\u0441\u044f \u0443 \u0432\u0440\u0430\u0447\u0435\u0439: El\u017cbiety i Zbis\u0142awa Borowiak, \u043e\u043d\u0438 \u0432\u044b\u043d\u0443\u0436\u0434\u0435\u043d\u044b <span style=\"text-decoration: underline;\"><strong>\u0437\u0430\u043d\u043e\u0432\u043e \u043f\u043e\u0434\u0430\u0442\u044c \u0434\u0435\u043a\u043b\u0430\u0440\u0430\u0446\u0438\u044e \u043e \u0432\u044b\u0431\u043e\u0440\u0435 \u0432\u0440\u0430\u0447\u0430.<\/strong><\/span><\/p><p>\u0414\u0435\u043a\u043b\u0430\u0440\u0430\u0446\u0438\u044e \u043c\u043e\u0436\u043d\u043e \u043f\u043e\u0434\u0430\u0442\u044c \u0432 \u0431\u0443\u043c\u0430\u0436\u043d\u043e\u0439 \u0444\u043e\u0440\u043c\u0435 \u0432 \u043d\u0430\u0448\u0435\u0439 \u041f\u043e\u043b\u0438\u043a\u043b\u0438\u043d\u0438\u043a\u0435 \u043f\u043e \u043d\u043e\u0432\u043e\u043c\u0443 \u0430\u0434\u0440\u0435\u0441\u0443: \u041a\u043e\u043c\u043e\u0440\u043d\u0438\u043a\u0438, \u0443\u043b. \u041f\u043e\u0437\u043d\u0430\u043d\u0441\u043a\u0430 27\u00a0 (Komorniki, ul. Pozna\u0144ska 27).<\/p>\t\t\t\t\t\t\t\t<\/div>\n\t\t\t\t<\/div>\n\t\t\t\t\t<\/div>\n\t\t<\/div>\n\t\t\t\t\t<\/div>\n\t\t<\/section>\n\t\t\t\t<section class=\"elementor-section elementor-top-section elementor-element elementor-element-baef8a1 elementor-section-boxed elementor-section-height-default elementor-section-height-default\" data-id=\"baef8a1\" data-element_type=\"section\">\n\t\t\t\t\t\t<div class=\"elementor-container elementor-column-gap-default\">\n\t\t\t\t\t<div class=\"elementor-column elementor-col-100 elementor-top-column elementor-element elementor-element-587dc58\" data-id=\"587dc58\" data-element_type=\"column\">\n\t\t\t<div class=\"elementor-widget-wrap elementor-element-populated\">\n\t\t\t\t\t\t<div class=\"elementor-element elementor-element-06c2a9c elementor-widget elementor-widget-text-editor\" data-id=\"06c2a9c\" data-element_type=\"widget\" data-widget_type=\"text-editor.default\">\n\t\t\t\t<div class=\"elementor-widget-container\">\n\t\t\t\t\t\t\t\t\t<p align=\"CENTER\">&#8212;&#8212;&#8212;&#8212;&#8212;&#8212;&#8212;&#8212;&#8212;&#8212;&#8212;&#8212;&#8212;&#8212;&#8212;&#8212;&#8212;&#8212;&#8212;&#8212;&#8212;&#8212;&#8212;&#8212;&#8212;&#8212;&#8212;&#8212;&#8212;&#8212;&#8212;&#8212;&#8212;&#8212;&#8212;&#8212;&#8212;&#8212;&#8212;&#8212;&#8212;&#8212;&#8212;&#8212;&#8212;&#8212;&#8212;&#8212;&#8212;&#8212;&#8212;&#8212;&#8212;&#8212;&#8212;&#8212;&#8212;&#8212;&#8212;&#8212;&#8212;&#8212;&#8212;&#8212;&#8212;&#8212;-<\/p><p align=\"CENTER\"><strong>WERSJA SK<\/strong><span style=\"color: #000000;\"><b>R\u00d3CONA STANDARD\u00d3W OCHRONY MA\u0141OLETNICH<\/b><\/span><\/p><p align=\"CENTER\"><span style=\"color: #000000;\"><b>Przychodnia Lekarza Rodzinnego s.c.<\/b><\/span><\/p><p align=\"JUSTIFY\">1. Jeste\u015bmy przychodni\u0105 i chcemy \u017ceby\u015b u nas czu\u0142 si\u0119 dobrze i bezpiecznie.<\/p><p align=\"JUSTIFY\">2. Je\u017celi cokolwiek Ci si\u0119 nie podoba\u0142o lub poczu\u0142e\u015b si\u0119 \u017ale mo\u017cesz to przekaza\u0107 do<\/p><p align=\"JUSTIFY\"><span style=\"color: #000000;\">kierownika Przychodni Lekarza Rodzinnego s.c. &#8211; Zbis\u0142aw Borowiak tel. 61 893 50 31<\/span><\/p><p align=\"JUSTIFY\">3. Na badania wchodzisz z mam\u0105, tat\u0105 lub opiekunem faktycznym. Oni mog\u0105 by\u0107 zawsze przy Tobie.<\/p><p align=\"JUSTIFY\">4. Przed badaniem lekarz wyt\u0142umaczy Ci co b\u0119dzie robi\u0142 i dlaczego.<\/p><p align=\"JUSTIFY\">5. Lekarzowi mo\u017cesz powiedzie\u0107 wszystko, on jest tu po to, \u017ceby Ci pom\u00f3c.<\/p><p align=\"JUSTIFY\">6. Wiedza o tym, co Ci dolega, czego si\u0119 obawiasz lub wstydzisz mo\u017ce by\u0107 bardzo wa\u017cna. Dzi\u0119ki tej wiedzy lekarz b\u0119dzie m\u00f3g\u0142 Ci pom\u00f3c jak najlepiej.<\/p><p align=\"JUSTIFY\">7. Lekarzom, piel\u0119gniarkom i wszystkim osobom z naszej przychodni mo\u017cesz zadawa\u0107 pytania. Ch\u0119tnie na nie odpowiedz\u0105.<\/p><p align=\"JUSTIFY\">8. Nikt nie mo\u017ce na Ciebie krzycze\u0107, wy\u015bmiewa\u0107 si\u0119 z Ciebie, dotyka\u0107 Ci\u0119 bez Twojej zgody ani fotografowa\u0107.<\/p><p align=\"JUSTIFY\">9. Cokolwiek si\u0119 w Twoim \u017cyciu dzieje nie jeste\u015b sam. To s\u0105 ca\u0142odobowe numery telefon\u00f3w do os\u00f3b, kt\u00f3rym mo\u017cesz zaufa\u0107:<\/p><ol type=\"I\"><li><p align=\"JUSTIFY\">Og\u00f3lnopolskie Pogotowie dla Ofiar Przemocy w Rodzinie\u00a0<\/p><p align=\"JUSTIFY\"><b>Niebieska Linia: 800 120 002;<\/b><\/p><\/li><li><p align=\"JUSTIFY\"><b>Telefon Zaufania Dla Dzieci i M\u0142odzie\u017cy: 116 111.<\/b><\/p><\/li><\/ol>\t\t\t\t\t\t\t\t<\/div>\n\t\t\t\t<\/div>\n\t\t\t\t\t<\/div>\n\t\t<\/div>\n\t\t\t\t\t<\/div>\n\t\t<\/section>\n\t\t\t\t<section class=\"elementor-section elementor-top-section elementor-element elementor-element-5b56609 elementor-section-boxed elementor-section-height-default elementor-section-height-default\" data-id=\"5b56609\" data-element_type=\"section\">\n\t\t\t\t\t\t<div class=\"elementor-container elementor-column-gap-default\">\n\t\t\t\t\t<div class=\"elementor-column elementor-col-100 elementor-top-column elementor-element elementor-element-3128a38\" data-id=\"3128a38\" data-element_type=\"column\">\n\t\t\t<div class=\"elementor-widget-wrap\">\n\t\t\t\t\t\t\t<\/div>\n\t\t<\/div>\n\t\t\t\t\t<\/div>\n\t\t<\/section>\n\t\t\t\t<section class=\"elementor-section elementor-top-section elementor-element elementor-element-946319c elementor-section-boxed elementor-section-height-default elementor-section-height-default\" data-id=\"946319c\" data-element_type=\"section\">\n\t\t\t\t\t\t<div class=\"elementor-container elementor-column-gap-default\">\n\t\t\t\t\t<div class=\"elementor-column elementor-col-100 elementor-top-column elementor-element elementor-element-ce97feb\" data-id=\"ce97feb\" data-element_type=\"column\">\n\t\t\t<div class=\"elementor-widget-wrap elementor-element-populated\">\n\t\t\t\t\t\t<div class=\"elementor-element elementor-element-0a7552a elementor-view-default elementor-widget elementor-widget-icon\" data-id=\"0a7552a\" data-element_type=\"widget\" data-widget_type=\"icon.default\">\n\t\t\t\t<div class=\"elementor-widget-container\">\n\t\t\t\t\t\t\t<div class=\"elementor-icon-wrapper\">\n\t\t\t<div class=\"elementor-icon\">\n\t\t\t<i aria-hidden=\"true\" class=\"fas fa-car\"><\/i>\t\t\t<\/div>\n\t\t<\/div>\n\t\t\t\t\t\t<\/div>\n\t\t\t\t<\/div>\n\t\t\t\t\t<\/div>\n\t\t<\/div>\n\t\t\t\t\t<\/div>\n\t\t<\/section>\n\t\t\t\t<section class=\"elementor-section elementor-top-section elementor-element elementor-element-440b76d elementor-section-boxed elementor-section-height-default elementor-section-height-default\" data-id=\"440b76d\" data-element_type=\"section\">\n\t\t\t\t\t\t<div class=\"elementor-container elementor-column-gap-default\">\n\t\t\t\t\t<div class=\"elementor-column elementor-col-100 elementor-top-column elementor-element elementor-element-1b0d492\" data-id=\"1b0d492\" data-element_type=\"column\">\n\t\t\t<div class=\"elementor-widget-wrap elementor-element-populated\">\n\t\t\t\t\t\t<div class=\"elementor-element elementor-element-54b7781 elementor-widget elementor-widget-google_maps\" data-id=\"54b7781\" data-element_type=\"widget\" data-settings=\"{&quot;_animation&quot;:&quot;none&quot;}\" data-widget_type=\"google_maps.default\">\n\t\t\t\t<div class=\"elementor-widget-container\">\n\t\t\t\t\t\t\t<div class=\"elementor-custom-embed\">\n\t\t\t<iframe loading=\"lazy\"\n\t\t\t\t\tsrc=\"https:\/\/maps.google.com\/maps?q=lekarz%20rodzinny%20NFZ%20pozna%C5%84ska%2027%20komorniki&#038;t=m&#038;z=15&#038;output=embed&#038;iwloc=near\"\n\t\t\t\t\ttitle=\"lekarz rodzinny NFZ pozna\u0144ska 27 komorniki\"\n\t\t\t\t\taria-label=\"lekarz rodzinny NFZ pozna\u0144ska 27 komorniki\"\n\t\t\t><\/iframe>\n\t\t<\/div>\n\t\t\t\t\t\t<\/div>\n\t\t\t\t<\/div>\n\t\t\t\t\t<\/div>\n\t\t<\/div>\n\t\t\t\t\t<\/div>\n\t\t<\/section>\n\t\t\t\t<section class=\"elementor-section elementor-top-section elementor-element elementor-element-9739fe5 elementor-section-boxed elementor-section-height-default elementor-section-height-default\" data-id=\"9739fe5\" data-element_type=\"section\">\n\t\t\t\t\t\t<div class=\"elementor-container elementor-column-gap-default\">\n\t\t\t\t\t<div class=\"elementor-column elementor-col-100 elementor-top-column elementor-element elementor-element-d078b78\" data-id=\"d078b78\" data-element_type=\"column\">\n\t\t\t<div class=\"elementor-widget-wrap elementor-element-populated\">\n\t\t\t\t\t\t<div class=\"elementor-element elementor-element-ce43051 elementor-view-default elementor-widget elementor-widget-icon\" data-id=\"ce43051\" data-element_type=\"widget\" data-widget_type=\"icon.default\">\n\t\t\t\t<div class=\"elementor-widget-container\">\n\t\t\t\t\t\t\t<div class=\"elementor-icon-wrapper\">\n\t\t\t<div class=\"elementor-icon\">\n\t\t\t<i aria-hidden=\"true\" class=\"fas fa-phone-alt\"><\/i>\t\t\t<\/div>\n\t\t<\/div>\n\t\t\t\t\t\t<\/div>\n\t\t\t\t<\/div>\n\t\t\t\t\t<\/div>\n\t\t<\/div>\n\t\t\t\t\t<\/div>\n\t\t<\/section>\n\t\t\t\t<section class=\"elementor-section elementor-top-section elementor-element elementor-element-6ddd47c elementor-section-boxed elementor-section-height-default elementor-section-height-default\" data-id=\"6ddd47c\" data-element_type=\"section\">\n\t\t\t\t\t\t<div class=\"elementor-container elementor-column-gap-default\">\n\t\t\t\t\t<div class=\"elementor-column elementor-col-100 elementor-top-column elementor-element elementor-element-67ed8c0\" data-id=\"67ed8c0\" data-element_type=\"column\">\n\t\t\t<div class=\"elementor-widget-wrap elementor-element-populated\">\n\t\t\t\t\t\t<div class=\"elementor-element elementor-element-a84af54 elementor-widget elementor-widget-text-editor\" data-id=\"a84af54\" data-element_type=\"widget\" data-widget_type=\"text-editor.default\">\n\t\t\t\t<div class=\"elementor-widget-container\">\n\t\t\t\t\t\t\t\t\t<h2>61\u00a0 893 50 31<\/h2>\t\t\t\t\t\t\t\t<\/div>\n\t\t\t\t<\/div>\n\t\t\t\t\t<\/div>\n\t\t<\/div>\n\t\t\t\t\t<\/div>\n\t\t<\/section>\n\t\t\t\t<section class=\"elementor-section elementor-top-section elementor-element elementor-element-1cd7920 elementor-section-boxed elementor-section-height-default elementor-section-height-default\" data-id=\"1cd7920\" data-element_type=\"section\">\n\t\t\t\t\t\t<div class=\"elementor-container elementor-column-gap-default\">\n\t\t\t\t\t<div class=\"elementor-column elementor-col-100 elementor-top-column elementor-element elementor-element-63a0d01\" data-id=\"63a0d01\" data-element_type=\"column\">\n\t\t\t<div class=\"elementor-widget-wrap elementor-element-populated\">\n\t\t\t\t\t\t<div class=\"elementor-element elementor-element-02e3f4f elementor-widget elementor-widget-text-editor\" data-id=\"02e3f4f\" data-element_type=\"widget\" data-widget_type=\"text-editor.default\">\n\t\t\t\t<div class=\"elementor-widget-container\">\n\t\t\t\t\t\t\t\t\t<p><b>NAG\u0141E PRZYPADKI<\/b><\/p>\n<p><\/p>\n<p>W dni wolne od pracy ca\u0142odobowo oraz od poniedzia\u0142ku do pi\u0105tku od 18:00 do godz. 8:00 pomocy udzieli Pa\u0144stwu pomoc dora\u017ana w <b>Sk\u00f3rzewo ul. Pozna\u0144ska 131\/3&nbsp;tel. 61 307 73 07<\/b><\/p>\t\t\t\t\t\t\t\t<\/div>\n\t\t\t\t<\/div>\n\t\t\t\t\t<\/div>\n\t\t<\/div>\n\t\t\t\t\t<\/div>\n\t\t<\/section>\n\t\t\t\t<\/div>\n\t\t","protected":false},"excerpt":{"rendered":"<p>Przychodnia Lekarza Rodzinnego s.c. \u00a0 Przychodnia jest czynna od poniedzia\u0142ku do pi\u0105tku w godzinach od 8:00 do 18:00 Wszelkie sprawy mo\u017cna za\u0142atwi\u0107 przez osobist\u0105 wizyt\u0119 oraz dzwoni\u0105c pod nr tel. &#8230;<\/p>\n","protected":false},"author":1,"featured_media":0,"parent":0,"menu_order":0,"comment_status":"closed","ping_status":"closed","template":"","meta":{"footnotes":""},"class_list":["post-28","page","type-page","status-publish","hentry"],"_links":{"self":[{"href":"http:\/\/www.lekarzkomorniki.pl\/index.php?rest_route=\/wp\/v2\/pages\/28","targetHints":{"allow":["GET"]}}],"collection":[{"href":"http:\/\/www.lekarzkomorniki.pl\/index.php?rest_route=\/wp\/v2\/pages"}],"about":[{"href":"http:\/\/www.lekarzkomorniki.pl\/index.php?rest_route=\/wp\/v2\/types\/page"}],"author":[{"embeddable":true,"href":"http:\/\/www.lekarzkomorniki.pl\/index.php?rest_route=\/wp\/v2\/users\/1"}],"replies":[{"embeddable":true,"href":"http:\/\/www.lekarzkomorniki.pl\/index.php?rest_route=%2Fwp%2Fv2%2Fcomments&post=28"}],"version-history":[{"count":93,"href":"http:\/\/www.lekarzkomorniki.pl\/index.php?rest_route=\/wp\/v2\/pages\/28\/revisions"}],"predecessor-version":[{"id":147,"href":"http:\/\/www.lekarzkomorniki.pl\/index.php?rest_route=\/wp\/v2\/pages\/28\/revisions\/147"}],"wp:attachment":[{"href":"http:\/\/www.lekarzkomorniki.pl\/index.php?rest_route=%2Fwp%2Fv2%2Fmedia&parent=28"}],"curies":[{"name":"wp","href":"https:\/\/api.w.org\/{rel}","templated":true}]}}